{"id":2583,"date":"2017-07-27T17:38:56","date_gmt":"2017-07-27T16:38:56","guid":{"rendered":"http:\/\/www.sdp.cat\/?page_id=2583"},"modified":"2017-07-27T17:38:56","modified_gmt":"2017-07-27T16:38:56","slug":"aviso-legal","status":"publish","type":"page","link":"http:\/\/www.sdp.cat\/index.php\/es\/aviso-legal\/","title":{"rendered":"aviso legal"},"content":{"rendered":"<p>T\u00e9rminos de uso y Pol\u00edtica de privacidad en sdp.cat<\/p>\n<p>PRIMERO.- DATOS IDENTIFICATIVOS:<\/p>\n<p>Atendiendo a las previsiones del art\u00edculo 10 de la Ley 34\/2002, de 11 de julio, de Servicios de la Sociedad de la Informaci\u00f3n (LSSI), se informa al USUARIO que la empresa titular del dominio y del sitio web www.sdp.cat (en adelante, la Web) es la mercantil Shasta Produccions S.L., con domicilio social en Barcelona, C\/ Pere IV 201 5\u00ba 4\u00ba C.P. 08018, inscrita en el Registro Mercantil de la provincia de Barcelona al Tomo 43.850, Folio 146, Hoja 440235. Con C.I.F.: B-66085937. Correo de contacto: info@sdp.cat. En adelante, SHASTA.<\/p>\n<p>SEGUNDO.- USO DEL SITIO WEB:<\/p>\n<p>El USUARIO se compromete, por el mero hecho de acceder a la Web y de su utilizaci\u00f3n a hacer un uso adecuado de los contenidos y servicios que SHASTA ofrece a trav\u00e9s de la misma, y con car\u00e1cter enunciativo pero no limitativo, a no emplearlos para:<\/p>\n<p>a) incurrir en actividades il\u00edcitas, ilegales o contrarias a la buena fe y al orden p\u00fablico; b) difundir contenidos o propaganda de car\u00e1cter racista, xen\u00f3fobo, pornogr\u00e1fico-ilegal, de apolog\u00eda del terrorismo o atentatorio contra los derechos humanos;<br \/>\nc) provocar da\u00f1os en los sistemas f\u00edsicos (hardware) y l\u00f3gicos (software) de SHASTA, de sus proveedores o de terceras personas, introducir o difundir en la red virus inform\u00e1ticos o cualesquiera otros sistemas de hardware o software que sean susceptibles de provocar los da\u00f1os anteriormente mencionados;<br \/>\nd) intentar acceder y, en su caso, utilizar las cuentas de correo electr\u00f3nico de otros usuarios y modificar o manipular sus mensajes.<\/p>\n<p>SHASTA se reserva el derecho de retirar todos aquellos comentarios y aportaciones que vulneren el respeto a la dignidad de la persona, que sean discriminatorios, xen\u00f3fobos, racistas, pornogr\u00e1ficos, que atenten contra la juventud o la infancia, el orden o la seguridad p\u00fablica o que, a su juicio, no resultaran adecuados para su publicaci\u00f3n.<\/p>\n<p>TERCERO.- POL\u00cdTICA DE PRIVACIDAD<\/p>\n<p>4.1. Finalidad de los datos recabados y CONSENTIMIENTO al tratamiento.-<\/p>\n<p>En cumplimiento del art\u00edculo 5 de la Ley Org\u00e1nica de Protecci\u00f3n de Datos (LOPD), se informa al USUARIO de los siguientes aspectos:<\/p>\n<p>a) Que, mediante los distintos formularios de registro de la web (contacto, cuenta cliente, testimonio, formulario de contrataci\u00f3n\u2026), se recaban datos, que se almacenan en un fichero titularidad de SHASTA , debidamente inscrito en la Agencia Espa\u00f1ola de Protecci\u00f3n de Datos.<\/p>\n<p>b) Los campos de tales formularios que se encuentran marcados con un asterisco son de cumplimentaci\u00f3n obligatoria para poder prestar la solicitud que corresponda en cada caso.<\/p>\n<p>No obstante, en algunos formularios no se permite avanzar al paso siguiente hasta que no se hacen constar los datos obligatorios.<br \/>\nLa consecuencia de no proporcionar tales datos obligatorios es la imposibilidad de atender la solicitud del USUARIO.<\/p>\n<p>c) los datos que se recaban en los formularios de la Web, se recaban exclusivamente con las siguientes finalidades:<\/p>\n<p>Mantener la relaci\u00f3n comercial consistente, en su caso, en la contrataci\u00f3n de los servicios ofertados en la Web, as\u00ed como la gesti\u00f3n, administraci\u00f3n, informaci\u00f3n, prestaci\u00f3n y mejora de los mismos.<\/p>\n<p>Emitir comunicaciones por correo electr\u00f3nico o postal para proporcionar informaci\u00f3n que entendemos interesante para los usuarios y clientes de SHASTA, incluida informaci\u00f3n sobre nuevos productos y servicios, newsletters o nuevas entradas en el blog de SHASTA.<\/p>\n<p>Realizaci\u00f3n de encuestas o estudios de mercado relacionados con la actividad del usuario y\/o cliente.<\/p>\n<p>\u00danicamente SHASTAy los encargados de tratamiento designados por ella, tendr\u00e1n acceso a sus datos, y bajo ning\u00fan concepto, estos datos ser\u00e1n cedidos, compartidos, transferidos, ni vendidos a ning\u00fan tercero.<\/p>\n<p>En cada una de esas comunicaciones que SHASTApueda remitir al USUARIO, se incluye informaci\u00f3n sobre c\u00f3mo anular la suscripci\u00f3n y dejar de recibir nuevas comunicaciones.<\/p>\n<p>En caso de que el usuario no est\u00e9 conforme con los fines para los que se recaban sus datos, podr\u00e1 ejercitar los derechos de acceso, rectificaci\u00f3n, cancelaci\u00f3n y\/o oposici\u00f3n conforme a lo previsto en el apartado 4.3. de los siguientes t\u00e9rminos de uso y pol\u00edtica de privacidad.<\/p>\n<p>Se considerar\u00e1 como la prestaci\u00f3n de consentimiento expreso e inequ\u00edvoco del USUARIO, del art\u00edculo 6 de la LOPD, al tratamiento de los datos de car\u00e1cter personal en la forma que se expone en los presentes t\u00e9rminos de uso y pol\u00edtica de privacidad, el marcado de la casilla en la que se haga constar que el USUARIO ha le\u00eddo y acepta los t\u00e9rminos de uso y la pol\u00edtica de privacidad y en su caso, las condiciones de contrataci\u00f3n.<\/p>\n<p>No obstante, y en el caso del formulario de suscripci\u00f3n al newsletter de SHASTA, la prestaci\u00f3n del consentimiento del usuario se prestar\u00e1 mediante el sistema de doble opt-in, por el cual, el USUARIO har\u00e1 constar en el formulario su nombre y mail, remiti\u00e9ndole al correo facilitado por el USUARIO un mail en el que el mismo podr\u00e1 confirmar su suscripci\u00f3n al newsletter.<\/p>\n<p>Hasta que el usuario no confirme la suscripci\u00f3n, SHASTAno tendr\u00e1 acceso a los datos personales del USUARIO.<\/p>\n<p>4.2. Cumplimiento de la normativa de aplicaci\u00f3n.-<br \/>\nSHASTAcumple con la a Ley Org\u00e1nica 15\/1999 de 13 de diciembre de Protecci\u00f3n de Datos de Car\u00e1cter Personal (LOPD), el Reglamento que la desarrolla (el Real Decreto 1720\/2007 de 21 de diciembre &#8211; RLOPD) y dem\u00e1s normativa vigente, concordante y de aplicaci\u00f3n en cada momento.<\/p>\n<p>Asimismo, SHASTA cumple con la Ley 34\/2002 de 11 de julio, de Servicios de la Sociedad de la Informaci\u00f3n y el Comercio Electr\u00f3nico (LSSI), solicitando el consentimiento al tratamiento del correo electr\u00f3nico, con fines comerciales, en cada momento.<\/p>\n<p>4.3. Ejercicio de Derechos de Acceso, Rectificaci\u00f3n, Cancelaci\u00f3n y Oposici\u00f3n (derechos ARCO).-<br \/>\nAquellas personas f\u00edsicas que hayan facilitado sus datos a SHASTA podr\u00e1n dirigirse a ella, con el fin de poder ejercitar gratuitamente sus derechos de acceso, rectificaci\u00f3n, cancelaci\u00f3n y oposici\u00f3n respecto de los datos incorporados en sus ficheros.<\/p>\n<p>El interesado podr\u00e1 ejercitar sus derechos ARCO mediante comunicaci\u00f3n por escrito dirigida a SHASTA con la referencia \u00abProtecci\u00f3n de datos\/ Webempresa \u00ab, especificando sus datos, acreditando su identidad y los motivos de su solicitud en la siguiente direcci\u00f3n de correo electr\u00f3nico: info@sdp.cat.<\/p>\n<p>4.4. Medidas de Seguridad.-<br \/>\nWEBEMPRESA tiene implantadas las medidas de seguridad de \u00edndole t\u00e9cnica y organizativa necesarias para garantizar la seguridad de los datos de car\u00e1cter personal y evitar su alteraci\u00f3n, p\u00e9rdida y tratamiento y\/o acceso no autorizado, habida cuenta del estado de la tecnolog\u00eda, la naturaleza de los datos almacenados y los riesgos a que est\u00e1n expuestos, ya provengan de la acci\u00f3n humana o del medio f\u00edsico o natural.<\/p>\n<p>Todo ello de conformidad con lo previsto en el Art. 9 de la LOPD y el T\u00edtulo VIII (De las medidas de seguridad en el tratamiento de datos de car\u00e1cter personal) del RLOPD.<\/p>\n<p>4.5. Links<br \/>\nComo un servicio adicional al USUARIO, la Web puede incluir enlaces (hiperv\u00ednculos, links\u2026) a otros sitios web que no son operados o controlados por SHASTA.<\/p>\n<p>Por ello SHASTA no garantiza, ni se hace responsable de la licitud, fiabilidad, utilidad, veracidad y actualidad de los contenidos de tales sitios web o de sus pr\u00e1cticas de privacidad.<\/p>\n<p>Por ello rogamos que, antes de proporcionar informaci\u00f3n personal a estos sitios web ajenos a SHASTA, es imprescindible revisar las pol\u00edticas de privacidad de tales sitios web.<\/p>\n<p>4.6. Pol\u00edtica de \u00abCookies\u00bb<br \/>\nLa pol\u00edtica de uso de cookies se puedo consultar aqu\u00ed<\/p>\n<p>4.7. Menores de edad<br \/>\nLa web no se dirige a menores de edad.<br \/>\nNo obstante WEBEMPRESA declina cualquier responsabilidad por el incumplimiento de este requisito por parte del USUARIO.<\/p>\n<p>4.8. Modificaci\u00f3n de la Pol\u00edtica de Privacidad<br \/>\nWEBEMPRESA se reserva el derecho a modificar su Pol\u00edtica de Privacidad, siempre conforme a la normativa de aplicaci\u00f3n, de acuerdo a su propio criterio, o motivado por un cambio legislativo, jurisprudencial o doctrinal de la Agencia Espa\u00f1ola de Protecci\u00f3n de Datos.<\/p>\n<p>Cualquier modificaci\u00f3n de la Pol\u00edtica de Privacidad ser\u00e1 publicada al menos diez d\u00edas antes de su efectiva aplicaci\u00f3n.<br \/>\nEl uso de la Web despu\u00e9s de dichos cambios, implicar\u00e1 la aceptaci\u00f3n de los mismos.<\/p>\n<p>&nbsp;<\/p>\n<p>4.9. Responsable del fichero, y encargados del tratamiento.-<br \/>\nEl responsable del fichero de datos es SHASTA PRODUCCIONS S.L., siendo su representante legal Guillem Pacheco.<\/p>\n<p>&nbsp;<\/p>\n<p>&nbsp;<\/p>\n<p>QUINTO. PROPIEDAD INTELECTUAL E INDUSTRIAL<\/p>\n<p>Los textos, im\u00e1genes, logos, signos distintivos, sonidos, animaciones, v\u00eddeos, c\u00f3digo fuente y resto de contenidos incluidos en la web, son propiedad de SHASTA, o bien, esta \u00faltima dispone del derecho de uso y explotaci\u00f3n de los mismos, y en tal sentido, protegidos por la legislaci\u00f3n de la propiedad intelectual e industrial vigentes.<\/p>\n<p>Queda expresamente prohibido realizar cualquier alteraci\u00f3n de esta p\u00e1gina.<\/p>\n<p>SHASTA no asume ninguna responsabilidad que se pueda derivar de manipulaciones o alteraciones no autorizadas, quedando prohibida de igual forma cualquier reproducci\u00f3n total o parcial, transmisi\u00f3n, distribuci\u00f3n o almacenamiento de los contenidos de esta web sin autorizaci\u00f3n expresa de SHASTA, anunci\u00e1ndose desde este momento y en caso de incumplimiento de lo anterior, el ejercicio de las acciones legales en defensa de nuestros leg\u00edtimos intereses.<\/p>\n<p>SHASTA no concede ninguna licencia o autorizaci\u00f3n de uso de ning\u00fan tipo sobre sus derechos de propiedad industrial e intelectual ni sobre cualquier otro derecho relacionado con la Web, los servicios o los contenidos.<\/p>\n<p>A los efectos de poder preservar los posibles derechos de propiedad intelectual o industrial, en el caso de que cualquier usuario o un tercero considere que se ha producido una violaci\u00f3n de sus leg\u00edtimos derechos por la introducci\u00f3n de un determinado contenido en el sitio web, deber\u00e1 notificar dicha circunstancia a SHASTA, mediante correo electr\u00f3nico a la direcci\u00f3n info@sdp.cat, indicando:<\/p>\n<p>-Datos personales del interesado titular de los derechos presuntamente infringidos.<br \/>\nSi la reclamaci\u00f3n la presenta un tercero distinto del interesado, deber\u00e1 acreditar la representaci\u00f3n con la que interviene.<br \/>\n&#8211; Indicaci\u00f3n de los contenidos protegidos por los derechos de propiedad intelectual o industrial, y su ubicaci\u00f3n en el sitio web.<br \/>\n&#8211; Acreditaci\u00f3n de los citados derechos de propiedad intelectual o industrial.<br \/>\n&#8211; Declaraci\u00f3n expresa en la que el interesado se responsabiliza de la veracidad de las informaciones facilitadas en la notificaci\u00f3n.<\/p>\n<p>La legitimidad de los derechos de propiedad intelectual o industrial correspondientes a los contenidos aportados por terceros es de la exclusiva Responsabilidad de los mismos.<\/p>\n<p>El acceso a esta web no otorga al USUARIO ning\u00fan derecho, ni titularidad sobre los derechos de propiedad intelectual e industrial de los elementos corporativos.<\/p>\n<p>SEXTO. POL\u00cdTICA DE ENLACES:<\/p>\n<p>6.1. Aquellos que pretendan realizar o realicen un hiperenlace (link, enlace, hiperv\u00ednculo\u2026) desde una p\u00e1gina web de otro portal de Internet a cualquiera de las p\u00e1ginas web de SHASTA deber\u00e1 someterse las siguientes condiciones:<\/p>\n<p>&#8211; No se permite la reproducci\u00f3n total o parcial de ninguno de los servicios ni contenidos del sitio web sin la previa autorizaci\u00f3n expresa de SHASTA.<br \/>\n&#8211; No se establecer\u00e1n deep-links ni enlaces IMG o de imagen, ni frames con la web de SHASTA sin su previa autorizaci\u00f3n expresa.<br \/>\n&#8211; No se establecer\u00e1 ninguna manifestaci\u00f3n falsa, inexacta o incorrecta sobre la web de SHASTA, ni sobre los servicios o contenidos de la misma. Salvo aquellos signos que formen parte del hiperv\u00ednculo, la p\u00e1gina web en la que se establezca no contendr\u00e1 ninguna marca, nombre comercial, r\u00f3tulo de establecimiento, denominaci\u00f3n, logotipo, eslogan u otros signos distintivos pertenecientes a SHASTA, salvo autorizaci\u00f3n expresa de \u00e9sta.<br \/>\n&#8211; El establecimiento del hiperv\u00ednculo no implicar\u00e1 la existencia de relaciones entre SHASTA y el titular de la p\u00e1gina web o del portal desde el cual se realice, ni el conocimiento y aceptaci\u00f3n de SHASTA de los servicios y contenidos ofrecidos en dicha p\u00e1gina web o portal.<\/p>\n<p>SHASTA no ser\u00e1 responsable de los contenidos o servicios puestos a disposici\u00f3n del p\u00fablico en la p\u00e1gina web o portal desde el cual se realice el hiperv\u00ednculo, ni de las informaciones y manifestaciones incluidas en los mismos.<\/p>\n<p>6.2. La Web puede, en su caso, poner a disposici\u00f3n del usuario conexiones y enlaces a otros sitios web gestionados y controlados por terceros, con la exclusiva funci\u00f3n, de facilitar a los usuarios la b\u00fasqueda de informaci\u00f3n, contenidos y servicios en Internet, sin que en ning\u00fan caso pueda considerarse una sugerencia, recomendaci\u00f3n o invitaci\u00f3n para la visita de los mismos.<\/p>\n<p>SHASTA no comercializa, ni dirige, ni controla previamente, ni hace propios los contenidos, servicios, informaciones y manifestaciones disponibles en dichos sitios web.<\/p>\n<p>SHASTA no asume ning\u00fan tipo de responsabilidad, ni siquiera de forma indirecta o subsidiaria, por los da\u00f1os y perjuicios de toda clase que pudieran derivarse del acceso, mantenimiento, uso, calidad, licitud, fiabilidad y utilidad de los contenidos, informaciones, comunicaciones, opiniones, manifestaciones, productos y servicios existentes u ofrecidos en los sitios web no gestionados por SHASTA y que resulten accesibles a trav\u00e9s de esta web.<\/p>\n<p>S\u00c9PTIMO. DERECHO DE EXCLUSI\u00d3N:<\/p>\n<p>SHASTA se reserva el derecho a denegar o retirar el acceso al portal y\/o los servicios ofrecidos sin necesidad de preaviso, a instancia propia o de un tercero, a aquellos usuarios que incumplan las presentes T\u00e9rminos de Uso y pol\u00edtica de privacidad.<\/p>\n<p>OCTAVO. GENERALIDADES:<\/p>\n<p>SHASTA perseguir\u00e1 el incumplimiento de las presentes condiciones as\u00ed como cualquier utilizaci\u00f3n indebida de su web ejerciendo todas las acciones civiles y penales que le puedan corresponder en derecho.<\/p>\n<p>NOVENO. MODIFICACI\u00d3N DE LAS PRESENTES CONDICIONES Y DURACI\u00d3N:<\/p>\n<p>SHASTA podr\u00e1 modificar en cualquier momento las condiciones aqu\u00ed determinadas, siendo debidamente publicadas como aqu\u00ed aparecen.<\/p>\n<p>La vigencia de las citadas condiciones ir\u00e1 en funci\u00f3n de su exposici\u00f3n y estar\u00e1n vigentes hasta que sean modificadas por otras debidamente publicadas.<\/p>\n<p>D\u00c9CIMO. LEGISLACI\u00d3N Y FUERO.<\/p>\n<p>Los presentes t\u00e9rminos de uso y pol\u00edtica de privacidad se regir\u00e1n por la legislaci\u00f3n espa\u00f1ola.<\/p>\n","protected":false},"excerpt":{"rendered":"<p>T\u00e9rminos de uso y Pol\u00edtica de privacidad en sdp.cat PRIMERO.- DATOS IDENTIFICATIVOS: Atendiendo a las previsiones del art\u00edculo 10 de la Ley 34\/2002, de 11 de julio, de Servicios de la Sociedad de la Informaci\u00f3n (LSSI), se informa al USUARIO que la empresa titular del dominio y del sitio web www.sdp.cat (en adelante, la Web) [&hellip;]<\/p>\n","protected":false},"author":3,"featured_media":0,"parent":0,"menu_order":0,"comment_status":"closed","ping_status":"closed","template":"","meta":{"footnotes":""},"class_list":["post-2583","page","type-page","status-publish","hentry"],"aioseo_notices":[],"_links":{"self":[{"href":"http:\/\/www.sdp.cat\/index.php\/wp-json\/wp\/v2\/pages\/2583","targetHints":{"allow":["GET"]}}],"collection":[{"href":"http:\/\/www.sdp.cat\/index.php\/wp-json\/wp\/v2\/pages"}],"about":[{"href":"http:\/\/www.sdp.cat\/index.php\/wp-json\/wp\/v2\/types\/page"}],"author":[{"embeddable":true,"href":"http:\/\/www.sdp.cat\/index.php\/wp-json\/wp\/v2\/users\/3"}],"replies":[{"embeddable":true,"href":"http:\/\/www.sdp.cat\/index.php\/wp-json\/wp\/v2\/comments?post=2583"}],"version-history":[{"count":1,"href":"http:\/\/www.sdp.cat\/index.php\/wp-json\/wp\/v2\/pages\/2583\/revisions"}],"predecessor-version":[{"id":2584,"href":"http:\/\/www.sdp.cat\/index.php\/wp-json\/wp\/v2\/pages\/2583\/revisions\/2584"}],"wp:attachment":[{"href":"http:\/\/www.sdp.cat\/index.php\/wp-json\/wp\/v2\/media?parent=2583"}],"curies":[{"name":"wp","href":"https:\/\/api.w.org\/{rel}","templated":true}]}}