{"id":2149,"date":"2015-08-11T18:49:28","date_gmt":"2013-04-10T10:21:31","guid":{"rendered":"http:\/\/www.sdp.cat\/index.php\/sdpmkt-2\/"},"modified":"2017-10-27T16:53:39","modified_gmt":"2017-10-27T15:53:39","slug":"sdpmkt-2","status":"publish","type":"page","link":"http:\/\/www.sdp.cat\/index.php\/es\/sdpmkt-2\/","title":{"rendered":"Marketing"},"content":{"rendered":"<h4 class=\"title-minimal  align-center\" data-bigletter=\"M\">Agencia de Marketing<\/h4>\n<p style=\"text-align: center;\">Dise\u00f1amos y ejecutamos estrategias de marketing y comunicaci\u00f3n.<br \/>\nShasta somos un equipo interdisciplinario que ponemos a tu servicio estrategia y soluciones a medida de tus necesidades.<\/p>\n<h5 style=\"text-align: center;\">\nSomos tu enlace en Internet.<\/h5>\n<div class=\"column-section clearfix\"><div class=\"column one-third \"  >\n<p style=\"text-align: center;\"><i class=\"pe-7s-paper-plane pe-3x\" ><\/i><\/p>\n<h6 class=\"title-minimal  align-center\" data-bigletter=\"\"><strong>content\u00a0marketing<\/strong><\/h6>\n<p>Creamos y distribuimos contenidos valiosos y relevantes para tu p\u00fablico objetivo.<\/p>\n<p style=\"text-align: right;\"><span style=\"line-height: 1.5;\">Microsites, Newsletters, White papers, ebooks, Webinars, Posts, Videoblogs, Podcasts, Casos de \u00e9xito, Notas de prensa, Testimoniales, Presentaciones corporativas, Monogr\u00e1ficos<\/span><\/p>\n<p style=\"text-align: right;\"><\/div><div class=\"column one-third \"  >\n<p style=\"text-align: center;\"><i class=\"pe-7s-users pe-3x\" ><\/i><\/p>\n<h6 class=\"title-minimal  align-center\" data-bigletter=\"\"><strong>Estrategia Social media<\/strong><\/h6>\n<p>Dise\u00f1amos la estrategia a redes sociales m\u00e1s ajustada a tus necesidades.<\/p>\n<p style=\"text-align: right;\">Definici\u00f3n de objetivos, Plan SMM, Medici\u00f3n, Optimizaci\u00f3n<\/p>\n<\/div><div class=\"column one-third last-col \"  >\n<p style=\"text-align: center;\"><i class=\"pe-7s-browser pe-3x\" ><\/i><\/p>\n<h6 class=\"title-minimal  align-center\" data-bigletter=\"\"><strong>Proyectos web<\/strong><\/h6>\n<p>Gestionamos tu proyecto \u00a0desde la definici\u00f3n hasta el estreno.<br \/>\nSi s\u00f3lo necesitas alguno de los escalones del proceso, te ayudamos:<\/p>\n<p style=\"text-align: right;\">Definici\u00f3n, Requerimientos, Herramientas, dise\u00f1o, Testeo, Contenidos, Hosting y dominio<\/p>\n<\/div><div class=\"clear\"><\/div><\/div>\n<div class=\"column-section clearfix\"><div class=\"column one-third \"  >\n<p style=\"text-align: center;\"><i class=\"pe-7s-search pe-3x\" ><\/i><\/p>\n<h6 class=\"title-minimal  align-center\" data-bigletter=\"\">\n<p><strong>acquisition management<\/strong><\/p>\n<\/h6>\n<p>Te ayudamos a publicitar de forma eficaz en los medios digitales.<\/p>\n<p style=\"text-align: right;\">SEO, SEM, Marketing de afiliaci\u00f3n, Fidelizaci\u00f3n, Youtube Ads, Facebook Ads, Email Marketing, MEDICI\u00d3N<\/p>\n<\/div><div class=\"column one-third \"  >\n<p style=\"text-align: center;\"><i class=\"pe-7s-phone pe-3x\" ><\/i><\/p>\n<h6 class=\"title-minimal  align-center\" data-bigletter=\"\"><strong>Mobile Marketing<\/strong><\/h6>\n<p>Dise\u00f1amos tu estrategia para dispositivos m\u00f3viles.<\/p>\n<p style=\"text-align: right;\">Adaptaci\u00f3n de web, Web m\u00f3vil, Apps, Plan de marketing m\u00f3vil, ASO<\/p>\n<\/div><div class=\"column one-third last-col \"  >\n<p style=\"text-align: center;\"><i class=\"pe-7s-graph3 pe-3x\" ><\/i><\/p>\n<h6 class=\"title-minimal  align-center\" data-bigletter=\"\"><strong>Consultor\u00eda de Marketing<\/strong><\/h6>\n<p>Te ayudamos a encontrar soluciones a los problemas que nos plantees o detectarlos.<\/p>\n<p>Somos tu partner de marketing especialista en estrategia de marketing y comunicaci\u00f3n para que t\u00fa puedas centrarte el 100% en tu negocio y tu actividad<\/p>\n<\/div><div class=\"clear\"><\/div><\/div>\n","protected":false},"excerpt":{"rendered":"<p>Dise\u00f1amos y ejecutamos estrategias de marketing y comunicaci\u00f3n. Shasta somos un equipo interdisciplinario que ponemos a tu servicio estrategia y soluciones a medida de tus necesidades. Somos tu enlace en Internet.<\/p>\n","protected":false},"author":3,"featured_media":0,"parent":0,"menu_order":0,"comment_status":"closed","ping_status":"closed","template":"","meta":{"footnotes":""},"class_list":["post-2149","page","type-page","status-publish","hentry"],"aioseo_notices":[],"_links":{"self":[{"href":"http:\/\/www.sdp.cat\/index.php\/wp-json\/wp\/v2\/pages\/2149","targetHints":{"allow":["GET"]}}],"collection":[{"href":"http:\/\/www.sdp.cat\/index.php\/wp-json\/wp\/v2\/pages"}],"about":[{"href":"http:\/\/www.sdp.cat\/index.php\/wp-json\/wp\/v2\/types\/page"}],"author":[{"embeddable":true,"href":"http:\/\/www.sdp.cat\/index.php\/wp-json\/wp\/v2\/users\/3"}],"replies":[{"embeddable":true,"href":"http:\/\/www.sdp.cat\/index.php\/wp-json\/wp\/v2\/comments?post=2149"}],"version-history":[{"count":7,"href":"http:\/\/www.sdp.cat\/index.php\/wp-json\/wp\/v2\/pages\/2149\/revisions"}],"predecessor-version":[{"id":2607,"href":"http:\/\/www.sdp.cat\/index.php\/wp-json\/wp\/v2\/pages\/2149\/revisions\/2607"}],"wp:attachment":[{"href":"http:\/\/www.sdp.cat\/index.php\/wp-json\/wp\/v2\/media?parent=2149"}],"curies":[{"name":"wp","href":"https:\/\/api.w.org\/{rel}","templated":true}]}}