{"id":14,"date":"2013-04-10T10:21:31","date_gmt":"2013-04-10T10:21:31","guid":{"rendered":"http:\/\/www.sdp.cat\/wordpress\/?page_id=14"},"modified":"2017-10-27T16:53:51","modified_gmt":"2017-10-27T15:53:51","slug":"sdpmkt","status":"publish","type":"page","link":"http:\/\/www.sdp.cat\/index.php\/ca\/sdpmkt\/","title":{"rendered":"marketing"},"content":{"rendered":"<h4 class=\"title-minimal  align-center\" data-bigletter=\"M\">Ag\u00e8ncia de Marketing<\/h4>\n<p style=\"text-align: center;\">Dissenyem i executem estrat\u00e8gies de marketing i comunicaci\u00f3.<br \/>\nShasta som un equip interdisciplinari que posem al teu servei estrat\u00e8gia i solucions a mida de les teves necessitats.<\/p>\n<h5 style=\"text-align: center;\">\nSom el teu enlla\u00e7 a Internet.<\/h5>\n<div class=\"column-section clearfix\"><div class=\"column one-third \"  >\n<p><i class=\"pe-7s-paper-plane pe-3x\" ><\/i><\/p>\n<h6 class=\"title-minimal  align-center\" data-bigletter=\"\"><strong>content\u00a0<\/strong><\/p>\n<p><strong>marketing<\/strong><\/h6>\n<p>Creem i distribu\u00efm continguts valuosos i rellevants pel teu p\u00fablic objectiu.<\/p>\n<p style=\"text-align: right;\">Microsites, Newsletters, White papers, ebooks, Webinars, Posts, Videoblogs, Podcasts, Casos d\u2019\u00e8xit, Notes de premsa, Testimonials, Presentacions corporatives, Monogr\u00e0fics<\/p>\n<p style=\"text-align: right;\"><\/div><div class=\"column one-third \"  >\n<p style=\"text-align: center;\"><i class=\"pe-7s-users pe-3x\" ><\/i><\/p>\n<h6 class=\"title-minimal  align-center\" data-bigletter=\"\"><strong>Estrat\u00e8gia Social media<\/strong><\/h6>\n<p>Dissenyem l\u2019estrat\u00e8gia a xarxes socials m\u00e9s ajustada a les teves necessitats.<\/p>\n<p style=\"text-align: right;\">Definici\u00f3 d\u2019objectius, Pla SMM, Medici\u00f3, Optimitzaci\u00f3<\/p>\n<\/div><div class=\"column one-third last-col \"  >\n<p style=\"text-align: center;\"><i class=\"pe-7s-browser pe-3x\" ><\/i><\/p>\n<h6 class=\"title-minimal  align-center\" data-bigletter=\"\"><strong>Projectes web<\/strong><\/h6>\n<p>Gestionem el teu projecte des de la definici\u00f3 fins a l\u2019estrena.<br \/>\nSi nom\u00e9s necessites algun dels esglaons del proc\u00e9s, t\u2019ajudem:<\/p>\n<p style=\"text-align: right;\">Definici\u00f3, Requeriments, Eines, Disseny, Testeig, Continguts, Hosting i Domini<\/p>\n<\/div><div class=\"clear\"><\/div><\/div>\n<p style=\"text-align: justify;\"><div class=\"column-section clearfix\"><div class=\"column one-third \"  >\n<p style=\"text-align: justify;\"><i class=\"pe-7s-search pe-3x\" ><\/i><\/p>\n<h6 class=\"title-minimal  align-center\" data-bigletter=\"\">\n<p><strong>acquisition management<\/strong><\/p>\n<\/h6>\n<p>T\u2019ajudem a publicitar de forma efica\u00e7 en els mitjans digitals.<\/p>\n<p style=\"text-align: right;\">SEO, SEM, Marketing d\u2019afiliaci\u00f3, Fidelitzaci\u00f3, Youtube Ads, Facebook Ads, Email Marketing, MEDICI\u00d3<\/p>\n<\/div><div class=\"column one-third \"  >\n<p style=\"text-align: center;\"><i class=\"pe-7s-phone pe-3x\" ><\/i><\/p>\n<h6 class=\"title-minimal  align-center\" data-bigletter=\"\"><strong>Mobile Marketing<\/strong><\/h6>\n<p>Dissenyem la teva estrat\u00e8gia per dispositius m\u00f2bils.<\/p>\n<p style=\"text-align: right;\">Adaptaci\u00f3 de web, Web m\u00f2bil, Apps, Pla de marketing m\u00f2bil, ASO<\/p>\n<\/div><div class=\"column one-third last-col \"  >\n<p style=\"text-align: center;\"><i class=\"pe-7s-graph3 pe-3x\" ><\/i><\/p>\n<h6 class=\"title-minimal  align-center\" data-bigletter=\"\"><strong>Consultoria de Marketing<\/strong><\/h6>\n<p>T\u2019ajudem a trobar solucions als problemes que ens plantegis o a detectar-los.<\/p>\n<p style=\"text-align: left;\">Som el teu partner de marketing especialista en estrat\u00e8gia de marketing i comunicaci\u00f3 perqu\u00e8 t\u00fa puguis centrar-te el 100% en el teu negoci i la teva activitat.<\/p>\n<\/div><div class=\"clear\"><\/div><\/div>\n","protected":false},"excerpt":{"rendered":"<p>Dissenyem i executem estrat\u00e8gies de marketing i comunicaci\u00f3. Shasta som un equip interdisciplinari que posem al teu servei estrat\u00e8gia i solucions a mida de les teves necessitats. Som el teu enlla\u00e7 a Internet.<\/p>\n","protected":false},"author":3,"featured_media":0,"parent":0,"menu_order":0,"comment_status":"closed","ping_status":"closed","template":"","meta":{"footnotes":""},"class_list":["post-14","page","type-page","status-publish","hentry"],"aioseo_notices":[],"_links":{"self":[{"href":"http:\/\/www.sdp.cat\/index.php\/wp-json\/wp\/v2\/pages\/14","targetHints":{"allow":["GET"]}}],"collection":[{"href":"http:\/\/www.sdp.cat\/index.php\/wp-json\/wp\/v2\/pages"}],"about":[{"href":"http:\/\/www.sdp.cat\/index.php\/wp-json\/wp\/v2\/types\/page"}],"author":[{"embeddable":true,"href":"http:\/\/www.sdp.cat\/index.php\/wp-json\/wp\/v2\/users\/3"}],"replies":[{"embeddable":true,"href":"http:\/\/www.sdp.cat\/index.php\/wp-json\/wp\/v2\/comments?post=14"}],"version-history":[{"count":60,"href":"http:\/\/www.sdp.cat\/index.php\/wp-json\/wp\/v2\/pages\/14\/revisions"}],"predecessor-version":[{"id":2608,"href":"http:\/\/www.sdp.cat\/index.php\/wp-json\/wp\/v2\/pages\/14\/revisions\/2608"}],"wp:attachment":[{"href":"http:\/\/www.sdp.cat\/index.php\/wp-json\/wp\/v2\/media?parent=14"}],"curies":[{"name":"wp","href":"https:\/\/api.w.org\/{rel}","templated":true}]}}